{"id":6421,"date":"2020-11-21T09:57:50","date_gmt":"2020-11-21T09:57:50","guid":{"rendered":"https:\/\/estudiar.vamtam.com\/?page_id=6421"},"modified":"2026-03-11T13:15:46","modified_gmt":"2026-03-11T13:15:46","slug":"tuition-fees","status":"publish","type":"page","link":"https:\/\/isgea-enietp.com\/?page_id=6421","title":{"rendered":"Tuition &#038; Fees"},"content":{"rendered":"\t\t<div data-elementor-type=\"wp-page\" data-elementor-id=\"6421\" class=\"elementor elementor-6421\" data-elementor-post-type=\"page\">\n\t\t\t\t\t\t<section class=\"elementor-section elementor-top-section elementor-element elementor-element-48ecdc8 elementor-section-height-min-height elementor-section-boxed elementor-section-height-default elementor-section-items-middle\" data-id=\"48ecdc8\" data-element_type=\"section\" data-e-type=\"section\" data-settings=\"{&quot;background_background&quot;:&quot;classic&quot;}\">\n\t\t\t\t\t\t\t<div class=\"elementor-background-overlay\"><\/div>\n\t\t\t\t\t\t\t<div class=\"elementor-container elementor-column-gap-default\">\n\t\t\t\t\t<div class=\"elementor-column elementor-col-100 elementor-top-column elementor-element elementor-element-87856f1\" data-id=\"87856f1\" data-element_type=\"column\" data-e-type=\"column\" data-settings=\"{&quot;background_background&quot;:&quot;classic&quot;}\">\n\t\t\t<div class=\"elementor-widget-wrap\">\n\t\t\t\t\t\t\t<\/div>\n\t\t<\/div>\n\t\t\t\t\t<\/div>\n\t\t<\/section>\n\t\t\t\t<section class=\"elementor-section elementor-top-section elementor-element elementor-element-5f57ff6 elementor-section-boxed elementor-section-height-default elementor-section-height-default\" data-id=\"5f57ff6\" data-element_type=\"section\" data-e-type=\"section\">\n\t\t\t\t\t\t<div class=\"elementor-container elementor-column-gap-no\">\n\t\t\t\t\t<div class=\"elementor-column elementor-col-50 elementor-top-column elementor-element elementor-element-972b5b6 animated-fast elementor-invisible\" data-id=\"972b5b6\" data-element_type=\"column\" data-e-type=\"column\" data-settings=\"{&quot;background_background&quot;:&quot;classic&quot;,&quot;animation&quot;:&quot;fadeIn&quot;,&quot;animation_delay&quot;:100,&quot;animation_tablet&quot;:&quot;none&quot;,&quot;animation_mobile&quot;:&quot;none&quot;}\">\n\t\t\t<div class=\"elementor-widget-wrap elementor-element-populated\">\n\t\t\t\t\t\t<div class=\"elementor-element elementor-element-4d96848 elementor-widget elementor-widget-text-editor\" data-id=\"4d96848\" data-element_type=\"widget\" data-e-type=\"widget\" data-widget_type=\"text-editor.default\">\n\t\t\t\t<div class=\"elementor-widget-container\">\n\t\t\t\t\t\t\t\t\t<h1>Frais de Scolarit\u00e9<\/h1>\t\t\t\t\t\t\t\t<\/div>\n\t\t\t\t<\/div>\n\t\t\t\t\t<\/div>\n\t\t<\/div>\n\t\t\t\t<div class=\"elementor-column elementor-col-50 elementor-top-column elementor-element elementor-element-5037f50 elementor-hidden-desktop elementor-hidden-tablet elementor-hidden-phone\" data-id=\"5037f50\" data-element_type=\"column\" data-e-type=\"column\">\n\t\t\t<div class=\"elementor-widget-wrap\">\n\t\t\t\t\t\t\t<\/div>\n\t\t<\/div>\n\t\t\t\t\t<\/div>\n\t\t<\/section>\n\t\t\t\t<section class=\"elementor-section elementor-top-section elementor-element elementor-element-afc61d4 elementor-section-boxed elementor-section-height-default elementor-section-height-default\" data-id=\"afc61d4\" data-element_type=\"section\" data-e-type=\"section\" data-settings=\"{&quot;animation&quot;:&quot;none&quot;,&quot;animation_tablet&quot;:&quot;none&quot;,&quot;animation_mobile&quot;:&quot;none&quot;,&quot;animation_delay&quot;:300}\">\n\t\t\t\t\t\t<div class=\"elementor-container elementor-column-gap-no\">\n\t\t\t\t\t<div class=\"elementor-column elementor-col-100 elementor-top-column elementor-element elementor-element-1b8c40b\" data-id=\"1b8c40b\" data-element_type=\"column\" data-e-type=\"column\">\n\t\t\t<div class=\"elementor-widget-wrap elementor-element-populated\">\n\t\t\t\t\t\t<div class=\"elementor-element elementor-element-63c4c7a vamtam-theme-table-styles elementor-widget elementor-widget-toggle\" data-id=\"63c4c7a\" data-element_type=\"widget\" data-e-type=\"widget\" data-settings=\"{&quot;_animation&quot;:&quot;none&quot;}\" data-widget_type=\"toggle.default\">\n\t\t\t\t<div class=\"elementor-widget-container\">\n\t\t\t\t\t\t\t<div class=\"elementor-toggle\">\n\t\t\t\t\t\t\t<div class=\"elementor-toggle-item\">\n\t\t\t\t\t<h3 id=\"elementor-tab-title-1041\" class=\"elementor-tab-title\" data-tab=\"1\" role=\"button\" aria-controls=\"elementor-tab-content-1041\" aria-expanded=\"false\">\n\t\t\t\t\t\t\t\t\t\t\t\t<span class=\"elementor-toggle-icon elementor-toggle-icon-right\" aria-hidden=\"true\">\n\t\t\t\t\t\t\t\t\t\t\t\t\t\t\t<span class=\"elementor-toggle-icon-closed\"><i class=\"fas fa-angle-double-down\"><\/i><\/span>\n\t\t\t\t\t\t\t\t<span class=\"elementor-toggle-icon-opened\"><i class=\"elementor-toggle-icon-opened fas fa-angle-double-up\"><\/i><\/span>\n\t\t\t\t\t\t\t\t\t\t\t\t\t<\/span>\n\t\t\t\t\t\t\t\t\t\t\t\t<a class=\"elementor-toggle-title\" tabindex=\"0\">Frais de Scolarit\u00e9\u200b<\/a>\n\t\t\t\t\t<\/h3>\n\n\t\t\t\t\t<div id=\"elementor-tab-content-1041\" class=\"elementor-tab-content elementor-clearfix\" data-tab=\"1\" role=\"region\" aria-labelledby=\"elementor-tab-title-1041\"><h4 class=\"table-heading\"><span style=\"color: #36348e;\">Fili\u00e8res Commerciales<\/span><\/h4><table style=\"height: 172px;\" width=\"1900\"><tbody><tr><th>Ann\u00e9e<\/th><th class=\"views\">Inscription<\/th><th class=\"views\">1\u00e8re Tranche<\/th><th class=\"views\">2\u00e8me Tranche<\/th><th class=\"views\">3\u00e8me Tranche<\/th><th class=\"views\">Total<\/th><\/tr><tr class=\"odd\"><td>1\u00e8re Ann\u00e9e<\/td><td>50.000<\/td><td>100.000<\/td><td>70.000<\/td><td>50.000<\/td><td>270.000<\/td><\/tr><tr class=\"even\"><td>2\u00e8me Ann\u00e9e<\/td><td>50.000<\/td><td>150.000<\/td><td>80.000<\/td><td>\/<\/td><td>280.000<\/td><\/tr><\/tbody><\/table><h4 class=\"table-heading\"><span style=\"color: #36348e;\">Fili\u00e8res Technologiques<\/span><\/h4><table><tbody><tr><th>Ann\u00e9e<\/th><th class=\"views\">Inscription<\/th><th class=\"views\">1\u00e8re Tranche<\/th><th class=\"views\">2\u00e8me Tranche<\/th><th class=\"views\">3\u00e8me Tranche<\/th><th class=\"views\">Total<\/th><\/tr><tr class=\"odd\"><td>1\u00e8re Ann\u00e9e<\/td><td>50.000<\/td><td>120.000<\/td><td>70.000<\/td><td>50.000<\/td><td>290.000<\/td><\/tr><tr class=\"even\"><td>2\u00e8me Ann\u00e9e<\/td><td>50.000<\/td><td>150.000<\/td><td>100.000<\/td><td>\/<\/td><td>300.000<\/td><\/tr><\/tbody><\/table><\/div>\n\t\t\t\t<\/div>\n\t\t\t\t\t\t\t\t<\/div>\n\t\t\t\t\t\t<\/div>\n\t\t\t\t<\/div>\n\t\t\t\t\t<\/div>\n\t\t<\/div>\n\t\t\t\t\t<\/div>\n\t\t<\/section>\n\t\t\t\t<section class=\"elementor-section elementor-top-section elementor-element elementor-element-fb6f284 elementor-section-boxed elementor-section-height-default elementor-section-height-default\" data-id=\"fb6f284\" data-element_type=\"section\" data-e-type=\"section\" data-settings=\"{&quot;background_background&quot;:&quot;classic&quot;}\">\n\t\t\t\t\t\t<div class=\"elementor-container elementor-column-gap-no\">\n\t\t\t\t\t<div class=\"elementor-column elementor-col-25 elementor-top-column elementor-element elementor-element-3f3eae4\" data-id=\"3f3eae4\" data-element_type=\"column\" data-e-type=\"column\">\n\t\t\t<div class=\"elementor-widget-wrap elementor-element-populated\">\n\t\t\t\t\t\t<div class=\"elementor-element elementor-element-ccc57a1 elementor-widget elementor-widget-heading\" data-id=\"ccc57a1\" data-element_type=\"widget\" data-e-type=\"widget\" data-widget_type=\"heading.default\">\n\t\t\t\t<div class=\"elementor-widget-container\">\n\t\t\t\t\t<h3 class=\"elementor-heading-title elementor-size-default\">Programmes de Bourses d'Excellence\n<\/h3>\t\t\t\t<\/div>\n\t\t\t\t<\/div>\n\t\t\t\t\t<\/div>\n\t\t<\/div>\n\t\t\t\t<div class=\"elementor-column elementor-col-50 elementor-top-column elementor-element elementor-element-4a0e72f\" data-id=\"4a0e72f\" data-element_type=\"column\" data-e-type=\"column\">\n\t\t\t<div class=\"elementor-widget-wrap elementor-element-populated\">\n\t\t\t\t\t\t<div class=\"elementor-element elementor-element-18999ce elementor-widget elementor-widget-text-editor\" data-id=\"18999ce\" data-element_type=\"widget\" data-e-type=\"widget\" data-widget_type=\"text-editor.default\">\n\t\t\t\t<div class=\"elementor-widget-container\">\n\t\t\t\t\t\t\t\t\t<p>\u00c0 l\u2019ISGEA, nous croyons que le talent ne doit pas \u00eatre frein\u00e9 par des contraintes financi\u00e8res. Nous accompagnons nos \u00e9tudiants les plus ambitieux en offrant des\u00a0<b data-path-to-node=\"3\" data-index-in-node=\"179\">bourses d\u2019\u00e9tudes allant de 30 000 Fcfa \u00e0 100 000 Fcfa<\/b>. Ces aides sont con\u00e7ues pour soutenir votre parcours acad\u00e9mique et faciliter votre insertion professionnelle dans un environnement de haut niveau.<\/p>\t\t\t\t\t\t\t\t<\/div>\n\t\t\t\t<\/div>\n\t\t\t\t\t<\/div>\n\t\t<\/div>\n\t\t\t\t<div class=\"elementor-column elementor-col-25 elementor-top-column elementor-element elementor-element-77c77c9\" data-id=\"77c77c9\" data-element_type=\"column\" data-e-type=\"column\">\n\t\t\t<div class=\"elementor-widget-wrap elementor-element-populated\">\n\t\t\t\t\t\t<div class=\"elementor-element elementor-element-82f6802 elementor-align-justify elementor-mobile-align-left elementor-tablet-align-right elementor-widget elementor-widget-button\" data-id=\"82f6802\" data-element_type=\"widget\" data-e-type=\"widget\" data-widget_type=\"button.default\">\n\t\t\t\t<div class=\"elementor-widget-container\">\n\t\t\t\t\t\t\t\t\t<div class=\"elementor-button-wrapper\">\n\t\t\t\t\t<a class=\"elementor-button elementor-button-link elementor-size-sm\" href=\"https:\/\/isgea-enietp.com\/index.php\/apply-form\/\">\n\t\t\t\t\t\t<span class=\"elementor-button-content-wrapper\">\n\t\t\t\t\t\t<span class=\"elementor-button-icon\">\n\t\t\t\t<i aria-hidden=\"true\" class=\"vamtamtheme- vamtam-theme-arrow-right\"><\/i>\t\t\t<\/span>\n\t\t\t\t\t\t\t\t\t<span class=\"elementor-button-text\">Eligibilit\u00e9<\/span>\n\t\t\t\t\t<\/span>\n\t\t\t\t\t<\/a>\n\t\t\t\t<\/div>\n\t\t\t\t\t\t\t\t<\/div>\n\t\t\t\t<\/div>\n\t\t\t\t\t<\/div>\n\t\t<\/div>\n\t\t\t\t\t<\/div>\n\t\t<\/section>\n\t\t\t\t<section class=\"elementor-section elementor-top-section elementor-element elementor-element-ba7376d elementor-section-boxed elementor-section-height-default elementor-section-height-default\" data-id=\"ba7376d\" data-element_type=\"section\" data-e-type=\"section\" data-settings=\"{&quot;background_background&quot;:&quot;classic&quot;}\">\n\t\t\t\t\t\t<div class=\"elementor-container elementor-column-gap-default\">\n\t\t\t\t\t<div class=\"elementor-column elementor-col-100 elementor-top-column elementor-element elementor-element-c6036ec\" data-id=\"c6036ec\" data-element_type=\"column\" data-e-type=\"column\">\n\t\t\t<div class=\"elementor-widget-wrap elementor-element-populated\">\n\t\t\t\t\t\t<div class=\"elementor-element elementor-element-931369d elementor-widget elementor-widget-heading\" data-id=\"931369d\" data-element_type=\"widget\" data-e-type=\"widget\" data-widget_type=\"heading.default\">\n\t\t\t\t<div class=\"elementor-widget-container\">\n\t\t\t\t\t<h5 class=\"elementor-heading-title elementor-size-default\">Prenez les Commandes de votre Avenir Professionnel D\u00e8s Aujourd'hui !<\/h5>\t\t\t\t<\/div>\n\t\t\t\t<\/div>\n\t\t\t\t<div class=\"elementor-element elementor-element-ef255b7 elementor-align-center elementor-mobile-align-left elementor-widget elementor-widget-button\" data-id=\"ef255b7\" data-element_type=\"widget\" data-e-type=\"widget\" data-widget_type=\"button.default\">\n\t\t\t\t<div class=\"elementor-widget-container\">\n\t\t\t\t\t\t\t\t\t<div class=\"elementor-button-wrapper\">\n\t\t\t\t\t<a class=\"elementor-button elementor-button-link elementor-size-sm\" href=\"https:\/\/isgea-enietp.com\/index.php\/apply-form\/\">\n\t\t\t\t\t\t<span class=\"elementor-button-content-wrapper\">\n\t\t\t\t\t\t<span class=\"elementor-button-icon\">\n\t\t\t\t<i aria-hidden=\"true\" class=\"vamtamtheme- vamtam-theme-arrow-right\"><\/i>\t\t\t<\/span>\n\t\t\t\t\t\t\t\t\t<span class=\"elementor-button-text\">S'inscrire Maintenant<\/span>\n\t\t\t\t\t<\/span>\n\t\t\t\t\t<\/a>\n\t\t\t\t<\/div>\n\t\t\t\t\t\t\t\t<\/div>\n\t\t\t\t<\/div>\n\t\t\t\t\t<\/div>\n\t\t<\/div>\n\t\t\t\t\t<\/div>\n\t\t<\/section>\n\t\t\t\t<\/div>\n\t\t","protected":false},"excerpt":{"rendered":"<p>Frais de Scolarit\u00e9 Frais de Scolarit\u00e9\u200b Fili\u00e8res Commerciales Ann\u00e9e Inscription 1\u00e8re Tranche 2\u00e8me Tranche 3\u00e8me Tranche Total 1\u00e8re Ann\u00e9e 50.000 100.000 70.000 50.000 270.000 2\u00e8me Ann\u00e9e 50.000 150.000 80.000 \/ 280.000 Fili\u00e8res Technologiques Ann\u00e9e Inscription 1\u00e8re Tranche 2\u00e8me Tranche 3\u00e8me Tranche Total 1\u00e8re Ann\u00e9e 50.000 120.000 70.000 50.000 290.000 2\u00e8me Ann\u00e9e 50.000 150.000 100.000 \/&#8230;<\/p>\n","protected":false},"author":1,"featured_media":0,"parent":0,"menu_order":0,"comment_status":"closed","ping_status":"closed","template":"","meta":{"footnotes":""},"class_list":["post-6421","page","type-page","status-publish","hentry"],"_links":{"self":[{"href":"https:\/\/isgea-enietp.com\/index.php?rest_route=\/wp\/v2\/pages\/6421","targetHints":{"allow":["GET"]}}],"collection":[{"href":"https:\/\/isgea-enietp.com\/index.php?rest_route=\/wp\/v2\/pages"}],"about":[{"href":"https:\/\/isgea-enietp.com\/index.php?rest_route=\/wp\/v2\/types\/page"}],"author":[{"embeddable":true,"href":"https:\/\/isgea-enietp.com\/index.php?rest_route=\/wp\/v2\/users\/1"}],"replies":[{"embeddable":true,"href":"https:\/\/isgea-enietp.com\/index.php?rest_route=%2Fwp%2Fv2%2Fcomments&post=6421"}],"version-history":[{"count":51,"href":"https:\/\/isgea-enietp.com\/index.php?rest_route=\/wp\/v2\/pages\/6421\/revisions"}],"predecessor-version":[{"id":988156,"href":"https:\/\/isgea-enietp.com\/index.php?rest_route=\/wp\/v2\/pages\/6421\/revisions\/988156"}],"wp:attachment":[{"href":"https:\/\/isgea-enietp.com\/index.php?rest_route=%2Fwp%2Fv2%2Fmedia&parent=6421"}],"curies":[{"name":"wp","href":"https:\/\/api.w.org\/{rel}","templated":true}]}}