{"id":11102,"date":"2021-01-02T11:43:24","date_gmt":"2021-01-02T11:43:24","guid":{"rendered":"https:\/\/estudiar.vamtam.com\/?page_id=11102"},"modified":"2026-03-11T14:53:01","modified_gmt":"2026-03-11T14:53:01","slug":"apply-form","status":"publish","type":"page","link":"https:\/\/isgea-enietp.com\/?page_id=11102","title":{"rendered":"Apply Form"},"content":{"rendered":"\t\t<div data-elementor-type=\"wp-page\" data-elementor-id=\"11102\" class=\"elementor elementor-11102\" data-elementor-post-type=\"page\">\n\t\t\t\t\t\t<section class=\"elementor-section elementor-top-section elementor-element elementor-element-a7db413 elementor-section-height-min-height elementor-section-boxed elementor-section-height-default elementor-section-items-middle\" data-id=\"a7db413\" data-element_type=\"section\" data-e-type=\"section\" data-settings=\"{&quot;background_background&quot;:&quot;classic&quot;}\">\n\t\t\t\t\t\t<div class=\"elementor-container elementor-column-gap-default\">\n\t\t\t\t\t<div class=\"elementor-column elementor-col-100 elementor-top-column elementor-element elementor-element-d71ae72\" data-id=\"d71ae72\" data-element_type=\"column\" data-e-type=\"column\" data-settings=\"{&quot;background_background&quot;:&quot;classic&quot;}\">\n\t\t\t<div class=\"elementor-widget-wrap\">\n\t\t\t\t\t\t\t<\/div>\n\t\t<\/div>\n\t\t\t\t\t<\/div>\n\t\t<\/section>\n\t\t\t\t<section class=\"elementor-section elementor-top-section elementor-element elementor-element-61c7082 elementor-section-boxed elementor-section-height-default elementor-section-height-default\" data-id=\"61c7082\" data-element_type=\"section\" data-e-type=\"section\">\n\t\t\t\t\t\t<div class=\"elementor-container elementor-column-gap-no\">\n\t\t\t\t\t<div class=\"elementor-column elementor-col-100 elementor-top-column elementor-element elementor-element-7f14322\" data-id=\"7f14322\" data-element_type=\"column\" data-e-type=\"column\">\n\t\t\t<div class=\"elementor-widget-wrap elementor-element-populated\">\n\t\t\t\t\t\t<div class=\"elementor-element elementor-element-d8fa178 elementor-widget__width-auto animated-fast elementor-invisible elementor-widget elementor-widget-heading\" data-id=\"d8fa178\" data-element_type=\"widget\" data-e-type=\"widget\" data-settings=\"{&quot;_animation&quot;:&quot;fadeIn&quot;,&quot;_animation_tablet&quot;:&quot;none&quot;,&quot;_animation_mobile&quot;:&quot;none&quot;,&quot;_animation_delay&quot;:100}\" data-widget_type=\"heading.default\">\n\t\t\t\t<div class=\"elementor-widget-container\">\n\t\t\t\t\t<h6 class=\"elementor-heading-title elementor-size-default\">Inscription<\/h6>\t\t\t\t<\/div>\n\t\t\t\t<\/div>\n\t\t\t\t\t<\/div>\n\t\t<\/div>\n\t\t\t\t\t<\/div>\n\t\t<\/section>\n\t\t\t\t<section class=\"elementor-section elementor-top-section elementor-element elementor-element-bf87cfc elementor-section-boxed elementor-section-height-default elementor-section-height-default\" data-id=\"bf87cfc\" data-element_type=\"section\" data-e-type=\"section\">\n\t\t\t\t\t\t<div class=\"elementor-container elementor-column-gap-no\">\n\t\t\t\t\t<div class=\"elementor-column elementor-col-100 elementor-top-column elementor-element elementor-element-1703df8\" data-id=\"1703df8\" data-element_type=\"column\" data-e-type=\"column\" data-settings=\"{&quot;animation&quot;:&quot;none&quot;,&quot;animation_tablet&quot;:&quot;none&quot;,&quot;animation_mobile&quot;:&quot;none&quot;,&quot;animation_delay&quot;:200}\">\n\t\t\t<div class=\"elementor-widget-wrap elementor-element-populated\">\n\t\t\t\t\t\t<div class=\"elementor-element elementor-element-70f9d06 elementor-button-align-start elementor-widget elementor-widget-form\" data-id=\"70f9d06\" data-element_type=\"widget\" data-e-type=\"widget\" data-settings=\"{&quot;step_next_label&quot;:&quot;Next&quot;,&quot;step_previous_label&quot;:&quot;Previous&quot;,&quot;button_width&quot;:&quot;100&quot;,&quot;step_type&quot;:&quot;number_text&quot;,&quot;step_icon_shape&quot;:&quot;circle&quot;}\" data-widget_type=\"form.default\">\n\t\t\t\t<div class=\"elementor-widget-container\">\n\t\t\t\t\t\t\t<form class=\"elementor-form\" method=\"post\" name=\"New Form\" aria-label=\"New Form\">\n\t\t\t<input type=\"hidden\" name=\"post_id\" value=\"11102\"\/>\n\t\t\t<input type=\"hidden\" name=\"form_id\" value=\"70f9d06\"\/>\n\t\t\t<input type=\"hidden\" name=\"referer_title\" value=\"\" \/>\n\n\t\t\t\n\t\t\t<div class=\"elementor-form-fields-wrapper elementor-labels-above\">\n\t\t\t\t\t\t\t\t<div class=\"elementor-field-type-html elementor-field-group elementor-column elementor-field-group-field_f58f1b3 elementor-col-100\">\n\t\t\t\t\t<h4>D\u00e9tails du candidat<\/h4>\t\t\t\t<\/div>\n\t\t\t\t\t\t\t\t<div class=\"elementor-field-type-text elementor-field-group elementor-column elementor-field-group-field_3235065 elementor-col-50 elementor-field-required\">\n\t\t\t\t\t\t\t\t\t\t\t\t<label for=\"form-field-field_3235065\" class=\"elementor-field-label\">\n\t\t\t\t\t\t\t\tNom\t\t\t\t\t\t\t<\/label>\n\t\t\t\t\t\t\t\t\t\t\t\t\t\t<input size=\"1\" type=\"text\" name=\"form_fields[field_3235065]\" id=\"form-field-field_3235065\" class=\"elementor-field elementor-size-lg  elementor-field-textual\" placeholder=\"Nom\" required=\"required\">\n\t\t\t\t\t\t\t\t\t\t\t<\/div>\n\t\t\t\t\t\t\t\t<div class=\"elementor-field-type-text elementor-field-group elementor-column elementor-field-group-field_a845e26 elementor-col-50 elementor-field-required\">\n\t\t\t\t\t\t\t\t\t\t\t\t<label for=\"form-field-field_a845e26\" class=\"elementor-field-label\">\n\t\t\t\t\t\t\t\tPr\u00e9nom\t\t\t\t\t\t\t<\/label>\n\t\t\t\t\t\t\t\t\t\t\t\t\t\t<input size=\"1\" type=\"text\" name=\"form_fields[field_a845e26]\" id=\"form-field-field_a845e26\" class=\"elementor-field elementor-size-lg  elementor-field-textual\" placeholder=\"Pr\u00e9nom\" required=\"required\">\n\t\t\t\t\t\t\t\t\t\t\t<\/div>\n\t\t\t\t\t\t\t\t<div class=\"elementor-field-type-date elementor-field-group elementor-column elementor-field-group-message elementor-col-50 elementor-field-required\">\n\t\t\t\t\t\t\t\t\t\t\t\t<label for=\"form-field-message\" class=\"elementor-field-label\">\n\t\t\t\t\t\t\t\tDate de naissance\t\t\t\t\t\t\t<\/label>\n\t\t\t\t\t\t\n\t\t<input type=\"date\" name=\"form_fields[message]\" id=\"form-field-message\" class=\"elementor-field elementor-size-lg  elementor-field-textual elementor-date-field\" placeholder=\"Entrer votre date de naissance\" required=\"required\" pattern=\"[0-9]{4}-[0-9]{2}-[0-9]{2}\">\n\t\t\t\t\t\t<\/div>\n\t\t\t\t\t\t\t\t<div class=\"elementor-field-type-text elementor-field-group elementor-column elementor-field-group-field_c97c2de elementor-col-50 elementor-field-required\">\n\t\t\t\t\t\t\t\t\t\t\t\t<label for=\"form-field-field_c97c2de\" class=\"elementor-field-label\">\n\t\t\t\t\t\t\t\tEmail \t\t\t\t\t\t\t<\/label>\n\t\t\t\t\t\t\t\t\t\t\t\t\t\t<input size=\"1\" type=\"text\" name=\"form_fields[field_c97c2de]\" id=\"form-field-field_c97c2de\" class=\"elementor-field elementor-size-lg  elementor-field-textual\" placeholder=\"Entrer votre email\" required=\"required\">\n\t\t\t\t\t\t\t\t\t\t\t<\/div>\n\t\t\t\t\t\t\t\t<div class=\"elementor-field-type-text elementor-field-group elementor-column elementor-field-group-email elementor-col-50 elementor-field-required\">\n\t\t\t\t\t\t\t\t\t\t\t\t<label for=\"form-field-email\" class=\"elementor-field-label\">\n\t\t\t\t\t\t\t\tAdresse\t\t\t\t\t\t\t<\/label>\n\t\t\t\t\t\t\t\t\t\t\t\t\t\t<input size=\"1\" type=\"text\" name=\"form_fields[email]\" id=\"form-field-email\" class=\"elementor-field elementor-size-lg  elementor-field-textual\" placeholder=\"Entrer votre adresse\" required=\"required\">\n\t\t\t\t\t\t\t\t\t\t\t<\/div>\n\t\t\t\t\t\t\t\t<div class=\"elementor-field-type-tel elementor-field-group elementor-column elementor-field-group-field_7797031 elementor-col-50 elementor-field-required\">\n\t\t\t\t\t\t\t\t\t\t\t\t<label for=\"form-field-field_7797031\" class=\"elementor-field-label\">\n\t\t\t\t\t\t\t\tT\u00e9l\u00e9phone\t\t\t\t\t\t\t<\/label>\n\t\t\t\t\t\t\t\t<input size=\"1\" type=\"tel\" name=\"form_fields[field_7797031]\" id=\"form-field-field_7797031\" class=\"elementor-field elementor-size-lg  elementor-field-textual\" placeholder=\"Entrer votre num\u00e9ro de t\u00e9l\u00e9phone\" required=\"required\" pattern=\"[0-9()#&amp;+*-=.]+\" title=\"Seuls les caract\u00e8res de num\u00e9ros de t\u00e9l\u00e9phone (#, -, *, etc.) sont accept\u00e9s.\">\n\n\t\t\t\t\t\t<\/div>\n\t\t\t\t\t\t\t\t<div class=\"elementor-field-type-html elementor-field-group elementor-column elementor-field-group-field_98deb09 elementor-col-100\">\n\t\t\t\t\t<h4 class=\"vamtam-top-spacing-50\">D\u00e9tails de la Formation<\/h4>\t\t\t\t<\/div>\n\t\t\t\t\t\t\t\t<div class=\"elementor-field-type-select elementor-field-group elementor-column elementor-field-group-field_4de08a0 elementor-col-50\">\n\t\t\t\t\t\t\t\t\t\t\t\t<label for=\"form-field-field_4de08a0\" class=\"elementor-field-label\">\n\t\t\t\t\t\t\t\tSp\u00e9cialit\u00e9 sollicit\u00e9e\t\t\t\t\t\t\t<\/label>\n\t\t\t\t\t\t\t\t<div class=\"elementor-field elementor-select-wrapper remove-before \">\n\t\t\t<div class=\"select-caret-down-wrapper\">\n\t\t\t\t<i aria-hidden=\"true\" class=\"eicon-caret-down\"><\/i>\t\t\t<\/div>\n\t\t\t<select name=\"form_fields[field_4de08a0]\" id=\"form-field-field_4de08a0\" class=\"elementor-field-textual elementor-size-lg\">\n\t\t\t\t\t\t\t\t\t<option value=\"veuillez s\u00e9lectionner\">veuillez s\u00e9lectionner<\/option>\n\t\t\t\t\t\t\t\t\t<option value=\"Production animale\">Production animale<\/option>\n\t\t\t\t\t\t\t\t\t<option value=\"Production v\u00e9g\u00e9tale\">Production v\u00e9g\u00e9tale<\/option>\n\t\t\t\t\t\t\t\t\t<option value=\"Marketing \u2013 Commerce-Vente\">Marketing \u2013 Commerce-Vente<\/option>\n\t\t\t\t\t\t\t\t\t<option value=\"Commerce international\">Commerce international<\/option>\n\t\t\t\t\t\t\t\t\t<option value=\"\u00c9nergie renouvelable\">\u00c9nergie renouvelable<\/option>\n\t\t\t\t\t\t\t\t\t<option value=\"\u00c9lectrotechnique\">\u00c9lectrotechnique<\/option>\n\t\t\t\t\t\t\t\t\t<option value=\"G\u00e9nie logiciel\">G\u00e9nie logiciel<\/option>\n\t\t\t\t\t\t\t\t\t<option value=\"Maintenance des syst\u00e8mes informatique\">Maintenance des syst\u00e8mes informatique<\/option>\n\t\t\t\t\t\t\t\t\t<option value=\"Informatique industrielle\">Informatique industrielle<\/option>\n\t\t\t\t\t\t\t\t\t<option value=\"Construction m\u00e9canique\">Construction m\u00e9canique<\/option>\n\t\t\t\t\t\t\t\t\t<option value=\"Fabrication m\u00e9canique\">Fabrication m\u00e9canique<\/option>\n\t\t\t\t\t\t\t\t\t<option value=\"M\u00e9catronique\">M\u00e9catronique<\/option>\n\t\t\t\t\t\t\t\t\t<option value=\"Chaudronnerie \u2014 Soudure\">Chaudronnerie \u2014 Soudure<\/option>\n\t\t\t\t\t\t\t\t\t<option value=\"Maintenance apr\u00e8s-vente auto\">Maintenance apr\u00e8s-vente auto<\/option>\n\t\t\t\t\t\t\t\t\t<option value=\"B\u00e2timent\">B\u00e2timent<\/option>\n\t\t\t\t\t\t\t\t\t<option value=\"Menuiserie et \u00e9b\u00e9nisterie\">Menuiserie et \u00e9b\u00e9nisterie<\/option>\n\t\t\t\t\t\t\t\t\t<option value=\"G\u00e9om\u00e8tre-Topographe\">G\u00e9om\u00e8tre-Topographe<\/option>\n\t\t\t\t\t\t\t\t\t<option value=\"G\u00e9nie culinaire\">G\u00e9nie culinaire<\/option>\n\t\t\t\t\t\t\t\t\t<option value=\"Gestion et management h\u00f4teliers\">Gestion et management h\u00f4teliers<\/option>\n\t\t\t\t\t\t\t\t\t<option value=\"Assistant-Manager\">Assistant-Manager<\/option>\n\t\t\t\t\t\t\t\t\t<option value=\"Banque et finance\">Banque et finance<\/option>\n\t\t\t\t\t\t\t\t\t<option value=\"Assurance\">Assurance<\/option>\n\t\t\t\t\t\t\t\t\t<option value=\"Gestion Logistique et transport\">Gestion Logistique et transport<\/option>\n\t\t\t\t\t\t\t\t\t<option value=\"Comptabilit\u00e9 et Gestion\">Comptabilit\u00e9 et Gestion<\/option>\n\t\t\t\t\t\t\t\t\t<option value=\"Sage-femme\">Sage-femme<\/option>\n\t\t\t\t\t\t\t\t\t<option value=\"Sciences infirmi\u00e8res\">Sciences infirmi\u00e8res<\/option>\n\t\t\t\t\t\t\t\t\t<option value=\"Odontostomatologie\">Odontostomatologie<\/option>\n\t\t\t\t\t\t\t\t\t<option value=\"Techniques pharmaceutiques\">Techniques pharmaceutiques<\/option>\n\t\t\t\t\t\t\t\t\t<option value=\"Techniques de labo et d&#039;analyse\">Techniques de labo et d&#039;analyse<\/option>\n\t\t\t\t\t\t\t\t\t<option value=\"Industrie de l&#039;habillement\">Industrie de l&#039;habillement<\/option>\n\t\t\t\t\t\t\t\t\t<option value=\"Pu\u00e9riculture et G\u00e9rontologie\">Pu\u00e9riculture et G\u00e9rontologie<\/option>\n\t\t\t\t\t\t\t<\/select>\n\t\t<\/div>\n\t\t\t\t\t\t<\/div>\n\t\t\t\t\t\t\t\t<div class=\"elementor-field-type-select elementor-field-group elementor-column elementor-field-group-field_c3af7e9 elementor-col-50\">\n\t\t\t\t\t\t\t\t\t\t\t\t<label for=\"form-field-field_c3af7e9\" class=\"elementor-field-label\">\n\t\t\t\t\t\t\t\tNiveau\t\t\t\t\t\t\t<\/label>\n\t\t\t\t\t\t\t\t<div class=\"elementor-field elementor-select-wrapper remove-before \">\n\t\t\t<div class=\"select-caret-down-wrapper\">\n\t\t\t\t<i aria-hidden=\"true\" class=\"eicon-caret-down\"><\/i>\t\t\t<\/div>\n\t\t\t<select name=\"form_fields[field_c3af7e9]\" id=\"form-field-field_c3af7e9\" class=\"elementor-field-textual elementor-size-lg\">\n\t\t\t\t\t\t\t\t\t<option value=\"Veuillez s\u00e9lectionner\">Veuillez s\u00e9lectionner<\/option>\n\t\t\t\t\t\t\t\t\t<option value=\"BAC +1\">BAC +1<\/option>\n\t\t\t\t\t\t\t\t\t<option value=\"BAC +2\">BAC +2<\/option>\n\t\t\t\t\t\t\t\t\t<option value=\"BAC +3\">BAC +3<\/option>\n\t\t\t\t\t\t\t<\/select>\n\t\t<\/div>\n\t\t\t\t\t\t<\/div>\n\t\t\t\t\t\t\t\t<div class=\"elementor-field-type-html elementor-field-group elementor-column elementor-field-group-field_14077ce elementor-col-100\">\n\t\t\t\t\t<h4 class=\"vamtam-top-spacing-50\">Documentation<\/h4>\t\t\t\t<\/div>\n\t\t\t\t\t\t\t\t<div class=\"elementor-field-type-upload elementor-field-group elementor-column elementor-field-group-field_52696c6 elementor-col-50 elementor-field-required\">\n\t\t\t\t\t\t\t\t\t\t\t\t<label for=\"form-field-field_52696c6\" class=\"elementor-field-label\">\n\t\t\t\t\t\t\t\tT\u00e9l\u00e9charger votre CIN ou Passeport\t\t\t\t\t\t\t<\/label>\n\t\t\t\t\t\t\t\t<input type=\"file\" name=\"form_fields[field_52696c6]\" id=\"form-field-field_52696c6\" class=\"elementor-field elementor-size-lg  elementor-upload-field\" required=\"required\" data-maxsize=\"2\" data-maxsize-message=\"Ce fichier d\u00e9passe la taille maximale autoris\u00e9e.\">\n\n\t\t\t\t\t\t<\/div>\n\t\t\t\t\t\t\t\t<div class=\"elementor-field-type-upload elementor-field-group elementor-column elementor-field-group-field_a833a63 elementor-col-50 elementor-field-required\">\n\t\t\t\t\t\t\t\t\t\t\t\t<label for=\"form-field-field_a833a63\" class=\"elementor-field-label\">\n\t\t\t\t\t\t\t\tT\u00e9l\u00e9charger votre Curriculum Vitae (CV)\t\t\t\t\t\t\t<\/label>\n\t\t\t\t\t\t\t\t<input type=\"file\" name=\"form_fields[field_a833a63]\" id=\"form-field-field_a833a63\" class=\"elementor-field elementor-size-lg  elementor-upload-field\" required=\"required\" data-maxsize=\"2\" data-maxsize-message=\"Ce fichier d\u00e9passe la taille maximale autoris\u00e9e.\">\n\n\t\t\t\t\t\t<\/div>\n\t\t\t\t\t\t\t\t<div class=\"elementor-field-type-acceptance elementor-field-group elementor-column elementor-field-group-field_8e17be3 elementor-col-100\">\n\t\t\t\t\t\t\t<div class=\"elementor-field-subgroup\">\n\t\t\t<span class=\"elementor-field-option\">\n\t\t\t\t<input type=\"checkbox\" name=\"form_fields[field_8e17be3]\" id=\"form-field-field_8e17be3\" class=\"elementor-field elementor-size-lg  elementor-acceptance-field\">\n\t\t\t\t<label for=\"form-field-field_8e17be3\">En soumettant ce formulaire, vous acceptez la politique de confidentialit\u00e9 de l'\u00e9cole ISGEA - ENIETP.<\/label>\t\t\t<\/span>\n\t\t<\/div>\n\t\t\t\t\t\t<\/div>\n\t\t\t\t\t\t\t\t<div class=\"elementor-field-group elementor-column elementor-field-type-submit elementor-col-100 e-form__buttons\">\n\t\t\t\t\t<button class=\"elementor-button elementor-size-sm\" type=\"submit\">\n\t\t\t\t\t\t<span class=\"elementor-button-content-wrapper\">\n\t\t\t\t\t\t\t\t\t\t\t\t\t\t\t<span class=\"elementor-button-icon\">\n\t\t\t\t\t\t\t\t\t<i aria-hidden=\"true\" class=\"vamtamtheme- vamtam-theme-arrow-right\"><\/i>\t\t\t\t\t\t\t\t\t\t\t\t\t\t\t\t\t<\/span>\n\t\t\t\t\t\t\t\t\t\t\t\t\t\t\t\t\t\t\t\t\t\t<span class=\"elementor-button-text\">Envoyer<\/span>\n\t\t\t\t\t\t\t\t\t\t\t\t\t<\/span>\n\t\t\t\t\t<\/button>\n\t\t\t\t<\/div>\n\t\t\t<\/div>\n\t\t<\/form>\n\t\t\t\t\t\t<\/div>\n\t\t\t\t<\/div>\n\t\t\t\t\t<\/div>\n\t\t<\/div>\n\t\t\t\t\t<\/div>\n\t\t<\/section>\n\t\t\t\t<\/div>\n\t\t","protected":false},"excerpt":{"rendered":"<p>Inscription<\/p>\n","protected":false},"author":1,"featured_media":0,"parent":0,"menu_order":0,"comment_status":"closed","ping_status":"closed","template":"","meta":{"footnotes":""},"class_list":["post-11102","page","type-page","status-publish","hentry"],"_links":{"self":[{"href":"https:\/\/isgea-enietp.com\/index.php?rest_route=\/wp\/v2\/pages\/11102","targetHints":{"allow":["GET"]}}],"collection":[{"href":"https:\/\/isgea-enietp.com\/index.php?rest_route=\/wp\/v2\/pages"}],"about":[{"href":"https:\/\/isgea-enietp.com\/index.php?rest_route=\/wp\/v2\/types\/page"}],"author":[{"embeddable":true,"href":"https:\/\/isgea-enietp.com\/index.php?rest_route=\/wp\/v2\/users\/1"}],"replies":[{"embeddable":true,"href":"https:\/\/isgea-enietp.com\/index.php?rest_route=%2Fwp%2Fv2%2Fcomments&post=11102"}],"version-history":[{"count":78,"href":"https:\/\/isgea-enietp.com\/index.php?rest_route=\/wp\/v2\/pages\/11102\/revisions"}],"predecessor-version":[{"id":988173,"href":"https:\/\/isgea-enietp.com\/index.php?rest_route=\/wp\/v2\/pages\/11102\/revisions\/988173"}],"wp:attachment":[{"href":"https:\/\/isgea-enietp.com\/index.php?rest_route=%2Fwp%2Fv2%2Fmedia&parent=11102"}],"curies":[{"name":"wp","href":"https:\/\/api.w.org\/{rel}","templated":true}]}}